{"id":36,"date":"2017-08-31T06:03:26","date_gmt":"2017-08-31T06:03:26","guid":{"rendered":"https:\/\/www.delamode-montenegro.com\/en\/?page_id=36"},"modified":"2018-06-18T13:38:21","modified_gmt":"2018-06-18T13:38:21","slug":"career","status":"publish","type":"page","link":"https:\/\/delamode-montenegro.com\/sr\/career\/","title":{"rendered":"Karijera"},"content":{"rendered":"<p><\/p>\n<h3><span lang=\"ES\">Delamode obe\u0107ava zavidnu karijeru<\/span><\/h3>\n<p><span lang=\"ES\">U Delamode <\/span><span lang=\"ES\">Montenegro <\/span><span lang=\"ES\"> nema<\/span><span lang=\"ES\">te samo posao &#8211; imate karijeru. Strast i posvec\u0301enost onome \u0161to radite odr\u017eavaju Vas na putu ka uspehu. Va\u0161e kolege c\u0301e biti s vama na putu ka uspehu. <\/span>To je timski rad i odnosi koji na\u0161 tim \u010dine uspe\u0161nim. <span lang=\"ES\">\u0160ansa da radite zajedno sa prijateljima, da se Va\u0161 glas \u010duje i da imate kao mentore one koji iskreno \u017eele da vide kako rastete i \u010dine svaki Va\u0161 dan ispunjenim.<\/span><\/p>\n<h3><span lang=\"ES\">Strast. Energija. Entuzijazam. \u017delja<\/span><\/h3>\n<p><span lang=\"ES\">Uvek tragamo za pojedincima koji \u017eele da naprave razliku i mogu dodati na\u0161oj organizaciji na vrednosti.<\/span><\/p>\n<p><span lang=\"ES\">Shvatamo da se uspeh zasniva na zapo\u0161ljavanju visoko posvec\u0301enog, motivisanog i obu\u010denog tima profesionalaca. Verujemo da svako od na\u0161eg osoblja ima klju\u010dnu ulogu u razvoju na\u0161e kompanije. Zbog toga pru\u017eamo obuku za specifi\u010dne poslove i pru\u017eamo odli\u010dne moguc\u0301nosti zaposlenima da prate put uspe\u0161ne i nagra\u0111ivane karijeru.<\/span><\/p>\n<p><\/p>","protected":false},"excerpt":{"rendered":"<p>Delamode obe\u0107ava zavidnu karijeru U Delamode Montenegro nemate samo posao &#8211; imate karijeru. Strast i posvec\u0301enost onome \u0161to radite odr\u017eavaju Vas na putu ka uspehu. Va\u0161e kolege c\u0301e biti s vama na putu ka uspehu. To je timski rad i odnosi koji na\u0161 tim \u010dine uspe\u0161nim. \u0160ansa da radite zajedno sa prijateljima, da se Va\u0161 [&hellip;]<\/p>\n","protected":false},"author":1,"featured_media":38,"parent":0,"menu_order":0,"comment_status":"closed","ping_status":"closed","template":"pages\/career.php","meta":[],"acf":[],"aioseo_notices":[],"_links":{"self":[{"href":"https:\/\/delamode-montenegro.com\/sr\/wp-json\/wp\/v2\/pages\/36"}],"collection":[{"href":"https:\/\/delamode-montenegro.com\/sr\/wp-json\/wp\/v2\/pages"}],"about":[{"href":"https:\/\/delamode-montenegro.com\/sr\/wp-json\/wp\/v2\/types\/page"}],"author":[{"embeddable":true,"href":"https:\/\/delamode-montenegro.com\/sr\/wp-json\/wp\/v2\/users\/1"}],"replies":[{"embeddable":true,"href":"https:\/\/delamode-montenegro.com\/sr\/wp-json\/wp\/v2\/comments?post=36"}],"version-history":[{"count":9,"href":"https:\/\/delamode-montenegro.com\/sr\/wp-json\/wp\/v2\/pages\/36\/revisions"}],"predecessor-version":[{"id":1257,"href":"https:\/\/delamode-montenegro.com\/sr\/wp-json\/wp\/v2\/pages\/36\/revisions\/1257"}],"wp:featuredmedia":[{"embeddable":true,"href":"https:\/\/delamode-montenegro.com\/sr\/wp-json\/wp\/v2\/media\/38"}],"wp:attachment":[{"href":"https:\/\/delamode-montenegro.com\/sr\/wp-json\/wp\/v2\/media?parent=36"}],"curies":[{"name":"wp","href":"https:\/\/api.w.org\/{rel}","templated":true}]}}