{"id":45,"date":"2017-08-31T07:08:11","date_gmt":"2017-08-31T07:08:11","guid":{"rendered":"https:\/\/www.delamode-montenegro.com\/en\/?page_id=45"},"modified":"2020-04-09T15:58:51","modified_gmt":"2020-04-09T15:58:51","slug":"about-xpediator","status":"publish","type":"page","link":"https:\/\/delamode-montenegro.com\/sr\/about-xpediator\/","title":{"rendered":"About Xpediator Plc"},"content":{"rendered":"<p><\/p>\n<h2>About Xpediator PLC<\/h2>\n<p>Xpedator Plc je mati\u010dna kompanija za Xpedator grupu kompanija, koja posluje pod nekoliko imena. Komaniju koja posluje pod imenom \u201eDelamode\u201c osnovao je Stephen Blyth 1988 godine, pru\u017eaju\u010di usluge \u0161pedicije u Velikoj Britaniji. Danas je grupa internacionalne mre\u017ee kancelarija porasla i pru\u017ea usluge drumskog, pomorskog i vazu\u0161nog prevoza, zajedno sa logistikom i skladi\u0161tenjem u Velikoj Britaniji i Ruminiji.<\/p>\n<p>Xpedator je utvrdila svoje postojanje na tr\u017ei\u0161tu u Centralnoj i Isto\u010dnoj Evropi i balti\u010dkim dr\u017eavama. Kompanija trenutno ima preko 1000 zaposlenih sa predstavni\u0161tvima u Breintriju, Eseksu I kancelarije u Bugarskoj, Litvaniji, Letoniji, Estoniji, Makedoniji, Crnoj Gori, Moldaviji, Rumuniji i Srbiji, koji posluju na ukupno 38 lokaciji.<\/p>\n<p>Kompanija\/Grupa ima tri glavne oblasti poslovanja koje rade samostalno i na dnevnom nivou ali su centralno vo\u0111ena\u00a0 ka cross-sell usluga potro\u0161a\u010dima iz baze mati\u010dne kompanije:<\/p>\n<ul>\n<li>\u0160pedicija: posluje pod imenima Delamode, Anglia Forwarding Limited, Benfleet, Regioal Express I EshopWedrop i specijalizuje se na rutama Velike Britanije I CEE<\/li>\n<li>Logistika i skladi\u0161tenje: sastoji se od distributivnih i logisti\u010dkih centara u Velikoj Britaniji, Bugarskoj i Rumuniji i posluje pod imenima Delamode, Import Services Limited, EMT i Pall-Ek.<\/li>\n<li>Transportne usluge: uklju\u010duje paket goriva i platnih kartica prete\u017eno u Rumuniji, Srbiji, Makedoniji I Crnog Gori posluje pod imenom Affinity Transport Solutions.<\/li>\n<\/ul>\n<p>.<\/p>\n<p><\/p>","protected":false},"excerpt":{"rendered":"<p>About Xpediator PLC Xpedator Plc je mati\u010dna kompanija za Xpedator grupu kompanija, koja posluje pod nekoliko imena. Komaniju koja posluje pod imenom \u201eDelamode\u201c osnovao je Stephen Blyth 1988 godine, pru\u017eaju\u010di usluge \u0161pedicije u Velikoj Britaniji. Danas je grupa internacionalne mre\u017ee kancelarija porasla i pru\u017ea usluge drumskog, pomorskog i vazu\u0161nog prevoza, zajedno sa logistikom i skladi\u0161tenjem [&hellip;]<\/p>\n","protected":false},"author":1,"featured_media":0,"parent":0,"menu_order":0,"comment_status":"closed","ping_status":"closed","template":"pages\/xpediator.php","meta":[],"acf":[],"aioseo_notices":[],"_links":{"self":[{"href":"https:\/\/delamode-montenegro.com\/sr\/wp-json\/wp\/v2\/pages\/45"}],"collection":[{"href":"https:\/\/delamode-montenegro.com\/sr\/wp-json\/wp\/v2\/pages"}],"about":[{"href":"https:\/\/delamode-montenegro.com\/sr\/wp-json\/wp\/v2\/types\/page"}],"author":[{"embeddable":true,"href":"https:\/\/delamode-montenegro.com\/sr\/wp-json\/wp\/v2\/users\/1"}],"replies":[{"embeddable":true,"href":"https:\/\/delamode-montenegro.com\/sr\/wp-json\/wp\/v2\/comments?post=45"}],"version-history":[{"count":9,"href":"https:\/\/delamode-montenegro.com\/sr\/wp-json\/wp\/v2\/pages\/45\/revisions"}],"predecessor-version":[{"id":1510,"href":"https:\/\/delamode-montenegro.com\/sr\/wp-json\/wp\/v2\/pages\/45\/revisions\/1510"}],"wp:attachment":[{"href":"https:\/\/delamode-montenegro.com\/sr\/wp-json\/wp\/v2\/media?parent=45"}],"curies":[{"name":"wp","href":"https:\/\/api.w.org\/{rel}","templated":true}]}}