{"id":49,"date":"2017-08-31T07:23:53","date_gmt":"2017-08-31T07:23:53","guid":{"rendered":"https:\/\/www.delamode-montenegro.com\/en\/?page_id=49"},"modified":"2024-03-26T07:30:18","modified_gmt":"2024-03-26T07:30:18","slug":"abous-us","status":"publish","type":"page","link":"https:\/\/delamode-montenegro.com\/sr\/abous-us\/","title":{"rendered":"O nama"},"content":{"rendered":"<p><\/p>\n<h3><span lang=\"ES\">Povezuju\u0107i Srbiju sa ostatkom Evrope kroz napredna re\u0161enja transporta i logistike.<\/span><\/h3>\n<p><img decoding=\"async\" loading=\"lazy\" class=\"alignnone size-full wp-image-1241\" src=\"https:\/\/delamode-montenegro.com\/wp-content\/uploads\/2018\/06\/Vital-link_800px.jpg\" alt=\"\" width=\"800\" height=\"379\" srcset=\"https:\/\/delamode-montenegro.com\/wp-content\/uploads\/2018\/06\/Vital-link_800px.jpg 800w, https:\/\/delamode-montenegro.com\/wp-content\/uploads\/2018\/06\/Vital-link_800px-300x142.jpg 300w, https:\/\/delamode-montenegro.com\/wp-content\/uploads\/2018\/06\/Vital-link_800px-768x364.jpg 768w, https:\/\/delamode-montenegro.com\/wp-content\/uploads\/2018\/06\/Vital-link_800px-179x85.jpg 179w\" sizes=\"(max-width: 800px) 100vw, 800px\" \/><\/p>\n<p><span lang=\"ES\">Delamode Montenegro, deo <a href=\"http:\/\/www.delamode-group.com\">Delamode Grupe<\/a>, je dinami\u010dan pru\u017ealac \u0161pediterskih usluga koji stalno raste, obezbe\u0111uju\u0107i pobolj\u0161anja u lancu nabavke i efikasnosti potro\u0161nje za na\u0161e klijente.<\/span><\/p>\n<p><span lang=\"ES\">Mi smo stru\u010dnjaci u Crnoj Gori za bezbedan i efikasan transport tereta kroz Evropu i Srbiju putem na\u0161ih doma\u0107ih mre\u017ea. Tako\u0111e, vodimo ra\u010duna o Va\u0161im zahtevima za transport Va\u0161eg tereta morskim i vazdu\u0161nim putem.<\/span><\/p>\n<p><span style=\"color: #034ea2;\"><strong><span lang=\"ES\">Na\u0161e usluge<\/span><\/strong><\/span><\/p>\n<ul>\n<li><span lang=\"ES\">Usluge za evropsko grupisanje<\/span><\/li>\n<li><span lang=\"ES\">Delimi\u010dni i potpuni tovari (Srbija i Evropa)<\/span><\/li>\n<li><a href=\"https:\/\/delamode-montenegro.com\/sr\/domaca-distribucija-2\/\"><span lang=\"ES\">Lokalna distribucija<\/span><\/a><\/li>\n<li><span lang=\"ES\"><a href=\"https:\/\/delamode-montenegro.com\/sr\/pomorski-transport\/\">Morski<\/a> i <a href=\"https:\/\/delamode-montenegro.com\/sr\/avio-transport\/\">vazdu\u0161ni<\/a> transport<\/span><\/li>\n<li><span lang=\"ES\">Carinjenje<\/span><\/li>\n<\/ul>\n<p><span style=\"color: #034ea2;\"><strong><span lang=\"ES\">Va\u0161a roba je u sigurnim rukama<\/span><\/strong><\/span><\/p>\n<p><span lang=\"ES\">Mi upravljamo isporukom Va\u0161e robe na bezbedan, siguran i blagovremen na\u010din bilo gde u Evropi, bilo da je u pitanju jedna paleta ili vi\u0161estruki potpuni tovari.<\/span><\/p>\n<p><span lang=\"ES\">Pru\u017eamo izuzetno iskustvo klijenta kroz na\u0161u veliku stru\u010dnost lanca snabdevanja, efikasne tehnolo\u0161ke platforme i lokalnu i evropsku mre\u017eu za transport tereta. Od trgovaca do proizvo\u0111a\u010da i distributera, mi poslujemo sa \u0161irokim spektrom klijenata koji zahtevaju visokokvalitetnu uslugu, isporu\u010denu po efektivnim cenama. Bez obzira da li Vam je potrebna usluga konsolidacije, deo re\u0161enja potpunog tereta, mo\u017eemo pomoc\u0301i u pobolj\u0161anju efikasnosti lanca snabdevanja i smanjenju tro\u0161kova va\u0161e logisti\u010dke potro\u0161nje.<\/span><\/p>\n<p><span lang=\"ES\">Od malih isporuka do velikih tovara, dodajemo vrednost Va\u0161em lancu snabdevanja inteligentnim, pouzdanim i fleksibilnim re\u0161enjima &#8211; svu podr\u0161ku nezamislivo prijatne brige o klijentima.<\/span><\/p>\n<p><span style=\"color: #034ea2;\"><strong><span lang=\"ES\">O Delamode Grupi<\/span><\/strong><\/span><\/p>\n<p><span lang=\"ES\">Grupa trenutno zapo\u0161ljava preko 1800 ljudi, sa predstavni\u0161tvima u Velikoj Britaniji, Bugarskoj, Litvaniji, Estoniji, Makedoniji, Crnoj Gori, Moldaviji, Rumuniji i Srbiji, radimo na ukupno 39 lokacije. Ova mre\u017ea predstavni\u0161tava pru\u017ea redovne i direktne usluge transporta koji povezuju ove regione sa globalnim tr\u017ei\u0161tima. Grupa, tako\u0111e, raspola\u017ee u logisti\u010dkim i skladi\u0161nim moguc\u0301nostima, uklju\u010dujuc\u0301i i poslove e-trgovine, u Velikoj Britaniji, Bugarskoj i Rumuniji.<\/span><\/p>\n<h2><\/h2>\n<p>","protected":false},"excerpt":{"rendered":"<p>Povezuju\u0107i Srbiju sa ostatkom Evrope kroz napredna re\u0161enja transporta i logistike. Delamode Montenegro, deo Delamode Grupe, je dinami\u010dan pru\u017ealac \u0161pediterskih usluga koji stalno raste, obezbe\u0111uju\u0107i pobolj\u0161anja u lancu nabavke i efikasnosti potro\u0161nje za na\u0161e klijente. Mi smo stru\u010dnjaci u Crnoj Gori za bezbedan i efikasan transport tereta kroz Evropu i Srbiju putem na\u0161ih doma\u0107ih mre\u017ea. [&hellip;]<\/p>\n","protected":false},"author":1,"featured_media":0,"parent":0,"menu_order":0,"comment_status":"closed","ping_status":"closed","template":"pages\/about_us.php","meta":[],"acf":[],"aioseo_notices":[],"_links":{"self":[{"href":"https:\/\/delamode-montenegro.com\/sr\/wp-json\/wp\/v2\/pages\/49"}],"collection":[{"href":"https:\/\/delamode-montenegro.com\/sr\/wp-json\/wp\/v2\/pages"}],"about":[{"href":"https:\/\/delamode-montenegro.com\/sr\/wp-json\/wp\/v2\/types\/page"}],"author":[{"embeddable":true,"href":"https:\/\/delamode-montenegro.com\/sr\/wp-json\/wp\/v2\/users\/1"}],"replies":[{"embeddable":true,"href":"https:\/\/delamode-montenegro.com\/sr\/wp-json\/wp\/v2\/comments?post=49"}],"version-history":[{"count":27,"href":"https:\/\/delamode-montenegro.com\/sr\/wp-json\/wp\/v2\/pages\/49\/revisions"}],"predecessor-version":[{"id":2364,"href":"https:\/\/delamode-montenegro.com\/sr\/wp-json\/wp\/v2\/pages\/49\/revisions\/2364"}],"wp:attachment":[{"href":"https:\/\/delamode-montenegro.com\/sr\/wp-json\/wp\/v2\/media?parent=49"}],"curies":[{"name":"wp","href":"https:\/\/api.w.org\/{rel}","templated":true}]}}